{"id":905,"date":"2022-05-05T22:36:28","date_gmt":"2022-05-05T21:36:28","guid":{"rendered":"https:\/\/architektgruber.com\/urbanism\/"},"modified":"2022-05-30T16:08:12","modified_gmt":"2022-05-30T15:08:12","slug":"urbanism","status":"publish","type":"page","link":"https:\/\/architektgruber.com\/en\/urbanism\/","title":{"rendered":"Urbanism"},"content":{"rendered":"\n<style type=\"text\/css\">\n\t#textblock-block_627441cfbcad5 {\n\t\t\/* Add styles that use ACF values here *\/\n\t}\n<\/style>\n\n<div id=\"textblock-block_627441cfbcad5\" class=\"block-textblock snappoint snappoint_clicker \">\n\t<div>\n\t\t\t<\/div>\n\t<div>\n\t\t<p>Andreas Gruber Architekten are not only experts in object planning but also in urban planning, implementation planning and ensemble protection. Andreas Gruber advises public bodies and institutions, leads seminars and participates as an expert juror in architectural competitions for object planning and settlement planning.<\/p>\n\t<\/div>\n<\/div>\n\n<style type=\"text\/css\">\n    #zitatblock-block_62744229bcad6 {\n        \/* Add styles that use ACF values here *\/\n    }\n<\/style>\n\n<div id=\"zitatblock-block_62744229bcad6\" class=\"block-zitatblock snappoint snappoint_clicker \">\n    <blockquote>\n        Quality means innovative, progressive building culture that has its roots in tradition. An architecture of values and sustainable use of resources.                    <cite>\n                Andreas Gruber            <\/cite>\n            <\/blockquote>\n<\/div>\n<style type=\"text\/css\">\n\t#projektfotos-block_62744270bcad7{\n\t\tflex-direction: row;\n\t\t\t\t\tpadding: 0;\n\t\t\t}\n\t\n\t\t\t\t\t\t\t#projektfotos-block_62744270bcad7 *:nth-child(1){\n\t\t\t\t\tflex: 12;\n\t\t\t\t\tobject-fit: cover; \n\t\t\t\t\tobject-position: left center;\n\t\t\t\t}\n\t\t\t\t\t\t;\n\t\n<\/style>\n\n<div id=\"projektfotos-block_62744270bcad7\" class=\"block-projektfotos snappoint snappoint_clicker  \">\n\t\t\t\t\t\t\n\t\t\t\t\t\t\t\t\t\t\t\t\t\t\t\t\t<img decoding=\"async\" width=\"1500\" height=\"1500\" src=\"https:\/\/architektgruber.com\/wp-content\/uploads\/2022\/05\/andreas-gruber-orthofoto.jpg\" class=\"attachment-full size-full\" alt=\"Aerial Photography Urbanism Andreas Gruber Architects\" srcset=\"https:\/\/architektgruber.com\/wp-content\/uploads\/2022\/05\/andreas-gruber-orthofoto.jpg 1500w, https:\/\/architektgruber.com\/wp-content\/uploads\/2022\/05\/andreas-gruber-orthofoto-300x300.jpg 300w, https:\/\/architektgruber.com\/wp-content\/uploads\/2022\/05\/andreas-gruber-orthofoto-1024x1024.jpg 1024w, https:\/\/architektgruber.com\/wp-content\/uploads\/2022\/05\/andreas-gruber-orthofoto-150x150.jpg 150w, https:\/\/architektgruber.com\/wp-content\/uploads\/2022\/05\/andreas-gruber-orthofoto-768x768.jpg 768w\" sizes=\"(max-width: 1500px) 100vw, 1500px\" \/>\t\t\t\t\t\t\t<\/div>","protected":false},"excerpt":{"rendered":"","protected":false},"author":1,"featured_media":0,"parent":0,"menu_order":0,"comment_status":"closed","ping_status":"closed","template":"","meta":{"inline_featured_image":false,"footnotes":""},"class_list":["post-905","page","type-page","status-publish","hentry"],"acf":[],"yoast_head":"<!-- This site is optimized with the Yoast SEO plugin v20.1 - https:\/\/yoast.com\/wordpress\/plugins\/seo\/ -->\n<title>Urbanism - Andreas Gruber Architekten<\/title>\n<meta name=\"robots\" content=\"index, follow, max-snippet:-1, max-image-preview:large, max-video-preview:-1\" \/>\n<link rel=\"canonical\" href=\"https:\/\/architektgruber.com\/en\/urbanism\/\" \/>\n<meta property=\"og:locale\" content=\"en_US\" \/>\n<meta property=\"og:type\" content=\"article\" \/>\n<meta property=\"og:title\" content=\"Urbanism - Andreas Gruber Architekten\" \/>\n<meta property=\"og:url\" content=\"https:\/\/architektgruber.com\/en\/urbanism\/\" \/>\n<meta property=\"og:site_name\" content=\"Andreas Gruber Architekten\" \/>\n<meta property=\"article:modified_time\" content=\"2022-05-30T15:08:12+00:00\" \/>\n<meta name=\"twitter:card\" content=\"summary_large_image\" \/>\n<script type=\"application\/ld+json\" class=\"yoast-schema-graph\">{\"@context\":\"https:\/\/schema.org\",\"@graph\":[{\"@type\":\"WebPage\",\"@id\":\"https:\/\/architektgruber.com\/en\/urbanism\/\",\"url\":\"https:\/\/architektgruber.com\/en\/urbanism\/\",\"name\":\"Urbanism - Andreas Gruber Architekten\",\"isPartOf\":{\"@id\":\"https:\/\/architektgruber.com\/en\/#website\"},\"datePublished\":\"2022-05-05T21:36:28+00:00\",\"dateModified\":\"2022-05-30T15:08:12+00:00\",\"breadcrumb\":{\"@id\":\"https:\/\/architektgruber.com\/en\/urbanism\/#breadcrumb\"},\"inLanguage\":\"en-US\",\"potentialAction\":[{\"@type\":\"ReadAction\",\"target\":[\"https:\/\/architektgruber.com\/en\/urbanism\/\"]}]},{\"@type\":\"BreadcrumbList\",\"@id\":\"https:\/\/architektgruber.com\/en\/urbanism\/#breadcrumb\",\"itemListElement\":[{\"@type\":\"ListItem\",\"position\":1,\"name\":\"Home\",\"item\":\"https:\/\/architektgruber.com\/en\/\"},{\"@type\":\"ListItem\",\"position\":2,\"name\":\"Urbanism\"}]},{\"@type\":\"WebSite\",\"@id\":\"https:\/\/architektgruber.com\/en\/#website\",\"url\":\"https:\/\/architektgruber.com\/en\/\",\"name\":\"Andreas Gruber Architekten\",\"description\":\"Andreas Gruber Architekten sind ein Architekturb\u00fcro in S\u00fcdtirol mit einzigartigen Bauten in Beton und D\u00e4mmbeton im alpinen Raum.\",\"potentialAction\":[{\"@type\":\"SearchAction\",\"target\":{\"@type\":\"EntryPoint\",\"urlTemplate\":\"https:\/\/architektgruber.com\/en\/?s={search_term_string}\"},\"query-input\":\"required name=search_term_string\"}],\"inLanguage\":\"en-US\"}]}<\/script>\n<!-- \/ Yoast SEO plugin. -->","yoast_head_json":{"title":"Urbanism - Andreas Gruber Architekten","robots":{"index":"index","follow":"follow","max-snippet":"max-snippet:-1","max-image-preview":"max-image-preview:large","max-video-preview":"max-video-preview:-1"},"canonical":"https:\/\/architektgruber.com\/en\/urbanism\/","og_locale":"en_US","og_type":"article","og_title":"Urbanism - Andreas Gruber Architekten","og_url":"https:\/\/architektgruber.com\/en\/urbanism\/","og_site_name":"Andreas Gruber Architekten","article_modified_time":"2022-05-30T15:08:12+00:00","twitter_card":"summary_large_image","schema":{"@context":"https:\/\/schema.org","@graph":[{"@type":"WebPage","@id":"https:\/\/architektgruber.com\/en\/urbanism\/","url":"https:\/\/architektgruber.com\/en\/urbanism\/","name":"Urbanism - Andreas Gruber Architekten","isPartOf":{"@id":"https:\/\/architektgruber.com\/en\/#website"},"datePublished":"2022-05-05T21:36:28+00:00","dateModified":"2022-05-30T15:08:12+00:00","breadcrumb":{"@id":"https:\/\/architektgruber.com\/en\/urbanism\/#breadcrumb"},"inLanguage":"en-US","potentialAction":[{"@type":"ReadAction","target":["https:\/\/architektgruber.com\/en\/urbanism\/"]}]},{"@type":"BreadcrumbList","@id":"https:\/\/architektgruber.com\/en\/urbanism\/#breadcrumb","itemListElement":[{"@type":"ListItem","position":1,"name":"Home","item":"https:\/\/architektgruber.com\/en\/"},{"@type":"ListItem","position":2,"name":"Urbanism"}]},{"@type":"WebSite","@id":"https:\/\/architektgruber.com\/en\/#website","url":"https:\/\/architektgruber.com\/en\/","name":"Andreas Gruber Architekten","description":"Andreas Gruber Architekten sind ein Architekturb\u00fcro in S\u00fcdtirol mit einzigartigen Bauten in Beton und D\u00e4mmbeton im alpinen Raum.","potentialAction":[{"@type":"SearchAction","target":{"@type":"EntryPoint","urlTemplate":"https:\/\/architektgruber.com\/en\/?s={search_term_string}"},"query-input":"required name=search_term_string"}],"inLanguage":"en-US"}]}},"_links":{"self":[{"href":"https:\/\/architektgruber.com\/en\/wp-json\/wp\/v2\/pages\/905","targetHints":{"allow":["GET"]}}],"collection":[{"href":"https:\/\/architektgruber.com\/en\/wp-json\/wp\/v2\/pages"}],"about":[{"href":"https:\/\/architektgruber.com\/en\/wp-json\/wp\/v2\/types\/page"}],"author":[{"embeddable":true,"href":"https:\/\/architektgruber.com\/en\/wp-json\/wp\/v2\/users\/1"}],"replies":[{"embeddable":true,"href":"https:\/\/architektgruber.com\/en\/wp-json\/wp\/v2\/comments?post=905"}],"version-history":[{"count":3,"href":"https:\/\/architektgruber.com\/en\/wp-json\/wp\/v2\/pages\/905\/revisions"}],"predecessor-version":[{"id":915,"href":"https:\/\/architektgruber.com\/en\/wp-json\/wp\/v2\/pages\/905\/revisions\/915"}],"wp:attachment":[{"href":"https:\/\/architektgruber.com\/en\/wp-json\/wp\/v2\/media?parent=905"}],"curies":[{"name":"wp","href":"https:\/\/api.w.org\/{rel}","templated":true}]}}