{"id":900,"date":"2022-03-18T14:09:23","date_gmt":"2022-03-18T13:09:23","guid":{"rendered":"https:\/\/architektgruber.com\/imprint\/"},"modified":"2022-05-30T15:49:59","modified_gmt":"2022-05-30T14:49:59","slug":"imprint","status":"publish","type":"page","link":"https:\/\/architektgruber.com\/en\/imprint\/","title":{"rendered":"Imprint"},"content":{"rendered":"\n<style type=\"text\/css\">\n\t#textblock-block_6235ba3b03cae {\n\t\t\/* Add styles that use ACF values here *\/\n\t}\n<\/style>\n\n<div id=\"textblock-block_6235ba3b03cae\" class=\"block-textblock snappoint snappoint_clicker \">\n\t<div>\n\t\t\t<\/div>\n\t<div>\n\t\t<p>Andreas Gruber Architects<br \/>\nSpingeser Stra\u00dfe 4\/a, 39040 Schabs<br \/>\n<a href=\"mailto:info@architektgruber.com\">info@architektgruber.com<\/a><br \/>\n<a href=\"https:\/\/www.architektgruber.com\">architektgruber.com<\/a><br \/>\nPart. IVA: 02687940219<br \/>\n<a href=\"mailto:andreas.gruber@archiworldpec.it\">andreas.gruber@archiworldpec.it<\/a><\/p>\n<h2>Credits<\/h2>\n<ul>\n<li>Design: <a href=\"https:\/\/jakobmayr.com\" target=\"_blank\" rel=\"noopener\">Jakob Mayr<\/a>, <a href=\"https:\/\/www.instagram.com\/kilianwittmann\/\" target=\"_blank\" rel=\"noopener\">Kilian Wittmann<\/a><\/li>\n<li>Code: <a href=\"https:\/\/www.bernhardpoppe.at\" target=\"_blank\" rel=\"noopener\">Bernhard Poppe<\/a><\/li>\n<li>Photos: <a href=\"https:\/\/www.guworld.com\/_plata\/index.html\" target=\"_blank\" rel=\"noopener\">Gustav Willeit<\/a><\/li>\n<\/ul>\n<h2>Copyright<\/h2>\n<p>The content of this website is protected by copyright. The provision of content and images from this website on other websites is only permitted with express permission.<\/p>\n<p>The information contained on the website is prepared to the best of our knowledge and checked for accuracy with great care. Nevertheless, content and factual errors cannot be completely ruled out. therefore assumes no guarantee and liability for the accuracy, timeliness and completeness of the information provided. All information is without guarantee. This also applies to all links to other URLs mentioned on our website.<\/p>\n\t<\/div>\n<\/div>","protected":false},"excerpt":{"rendered":"","protected":false},"author":1,"featured_media":0,"parent":0,"menu_order":0,"comment_status":"closed","ping_status":"closed","template":"","meta":{"inline_featured_image":false,"footnotes":""},"class_list":["post-900","page","type-page","status-publish","hentry"],"acf":[],"yoast_head":"<!-- This site is optimized with the Yoast SEO plugin v20.1 - https:\/\/yoast.com\/wordpress\/plugins\/seo\/ -->\n<title>Imprint - Andreas Gruber Architekten<\/title>\n<meta name=\"robots\" content=\"index, follow, max-snippet:-1, max-image-preview:large, max-video-preview:-1\" \/>\n<link rel=\"canonical\" href=\"https:\/\/architektgruber.com\/en\/imprint\/\" \/>\n<meta property=\"og:locale\" content=\"en_US\" \/>\n<meta property=\"og:type\" content=\"article\" \/>\n<meta property=\"og:title\" content=\"Imprint - Andreas Gruber Architekten\" \/>\n<meta property=\"og:url\" content=\"https:\/\/architektgruber.com\/en\/imprint\/\" \/>\n<meta property=\"og:site_name\" content=\"Andreas Gruber Architekten\" \/>\n<meta property=\"article:modified_time\" content=\"2022-05-30T14:49:59+00:00\" \/>\n<meta name=\"twitter:card\" content=\"summary_large_image\" \/>\n<script type=\"application\/ld+json\" class=\"yoast-schema-graph\">{\"@context\":\"https:\/\/schema.org\",\"@graph\":[{\"@type\":\"WebPage\",\"@id\":\"https:\/\/architektgruber.com\/en\/imprint\/\",\"url\":\"https:\/\/architektgruber.com\/en\/imprint\/\",\"name\":\"Imprint - Andreas Gruber Architekten\",\"isPartOf\":{\"@id\":\"https:\/\/architektgruber.com\/en\/#website\"},\"datePublished\":\"2022-03-18T13:09:23+00:00\",\"dateModified\":\"2022-05-30T14:49:59+00:00\",\"breadcrumb\":{\"@id\":\"https:\/\/architektgruber.com\/en\/imprint\/#breadcrumb\"},\"inLanguage\":\"en-US\",\"potentialAction\":[{\"@type\":\"ReadAction\",\"target\":[\"https:\/\/architektgruber.com\/en\/imprint\/\"]}]},{\"@type\":\"BreadcrumbList\",\"@id\":\"https:\/\/architektgruber.com\/en\/imprint\/#breadcrumb\",\"itemListElement\":[{\"@type\":\"ListItem\",\"position\":1,\"name\":\"Home\",\"item\":\"https:\/\/architektgruber.com\/en\/\"},{\"@type\":\"ListItem\",\"position\":2,\"name\":\"Imprint\"}]},{\"@type\":\"WebSite\",\"@id\":\"https:\/\/architektgruber.com\/en\/#website\",\"url\":\"https:\/\/architektgruber.com\/en\/\",\"name\":\"Andreas Gruber Architekten\",\"description\":\"Andreas Gruber Architekten sind ein Architekturb\u00fcro in S\u00fcdtirol mit einzigartigen Bauten in Beton und D\u00e4mmbeton im alpinen Raum.\",\"potentialAction\":[{\"@type\":\"SearchAction\",\"target\":{\"@type\":\"EntryPoint\",\"urlTemplate\":\"https:\/\/architektgruber.com\/en\/?s={search_term_string}\"},\"query-input\":\"required name=search_term_string\"}],\"inLanguage\":\"en-US\"}]}<\/script>\n<!-- \/ Yoast SEO plugin. -->","yoast_head_json":{"title":"Imprint - Andreas Gruber Architekten","robots":{"index":"index","follow":"follow","max-snippet":"max-snippet:-1","max-image-preview":"max-image-preview:large","max-video-preview":"max-video-preview:-1"},"canonical":"https:\/\/architektgruber.com\/en\/imprint\/","og_locale":"en_US","og_type":"article","og_title":"Imprint - Andreas Gruber Architekten","og_url":"https:\/\/architektgruber.com\/en\/imprint\/","og_site_name":"Andreas Gruber Architekten","article_modified_time":"2022-05-30T14:49:59+00:00","twitter_card":"summary_large_image","schema":{"@context":"https:\/\/schema.org","@graph":[{"@type":"WebPage","@id":"https:\/\/architektgruber.com\/en\/imprint\/","url":"https:\/\/architektgruber.com\/en\/imprint\/","name":"Imprint - Andreas Gruber Architekten","isPartOf":{"@id":"https:\/\/architektgruber.com\/en\/#website"},"datePublished":"2022-03-18T13:09:23+00:00","dateModified":"2022-05-30T14:49:59+00:00","breadcrumb":{"@id":"https:\/\/architektgruber.com\/en\/imprint\/#breadcrumb"},"inLanguage":"en-US","potentialAction":[{"@type":"ReadAction","target":["https:\/\/architektgruber.com\/en\/imprint\/"]}]},{"@type":"BreadcrumbList","@id":"https:\/\/architektgruber.com\/en\/imprint\/#breadcrumb","itemListElement":[{"@type":"ListItem","position":1,"name":"Home","item":"https:\/\/architektgruber.com\/en\/"},{"@type":"ListItem","position":2,"name":"Imprint"}]},{"@type":"WebSite","@id":"https:\/\/architektgruber.com\/en\/#website","url":"https:\/\/architektgruber.com\/en\/","name":"Andreas Gruber Architekten","description":"Andreas Gruber Architekten sind ein Architekturb\u00fcro in S\u00fcdtirol mit einzigartigen Bauten in Beton und D\u00e4mmbeton im alpinen Raum.","potentialAction":[{"@type":"SearchAction","target":{"@type":"EntryPoint","urlTemplate":"https:\/\/architektgruber.com\/en\/?s={search_term_string}"},"query-input":"required name=search_term_string"}],"inLanguage":"en-US"}]}},"_links":{"self":[{"href":"https:\/\/architektgruber.com\/en\/wp-json\/wp\/v2\/pages\/900","targetHints":{"allow":["GET"]}}],"collection":[{"href":"https:\/\/architektgruber.com\/en\/wp-json\/wp\/v2\/pages"}],"about":[{"href":"https:\/\/architektgruber.com\/en\/wp-json\/wp\/v2\/types\/page"}],"author":[{"embeddable":true,"href":"https:\/\/architektgruber.com\/en\/wp-json\/wp\/v2\/users\/1"}],"replies":[{"embeddable":true,"href":"https:\/\/architektgruber.com\/en\/wp-json\/wp\/v2\/comments?post=900"}],"version-history":[{"count":3,"href":"https:\/\/architektgruber.com\/en\/wp-json\/wp\/v2\/pages\/900\/revisions"}],"predecessor-version":[{"id":903,"href":"https:\/\/architektgruber.com\/en\/wp-json\/wp\/v2\/pages\/900\/revisions\/903"}],"wp:attachment":[{"href":"https:\/\/architektgruber.com\/en\/wp-json\/wp\/v2\/media?parent=900"}],"curies":[{"name":"wp","href":"https:\/\/api.w.org\/{rel}","templated":true}]}}