{"id":898,"date":"2022-03-17T17:03:21","date_gmt":"2022-03-17T16:03:21","guid":{"rendered":"https:\/\/architektgruber.com\/studio\/"},"modified":"2025-07-21T08:48:36","modified_gmt":"2025-07-21T07:48:36","slug":"studio","status":"publish","type":"page","link":"https:\/\/architektgruber.com\/en\/studio\/","title":{"rendered":"Studio"},"content":{"rendered":"\n<style type=\"text\/css\">\n\t#textblock-block_cd9dea6dfe31ab60e5b709e8a31f13b3 {\n\t\t\/* Add styles that use ACF values here *\/\n\t}\n<\/style>\n\n<div id=\"textblock-block_cd9dea6dfe31ab60e5b709e8a31f13b3\" class=\"block-textblock snappoint snappoint_clicker \">\n\t<div>\n\t\t\t<\/div>\n\t<div>\n\t\t<p>Architect Andreas Gruber is committed to individual architecture with special quality standards and recognition value. Quality with consideration of sustainable, socio-economic interests is the highest premise, both in object planning and in the planning of new settlement landscapes and public space. Respectful and extremely careful is his treatment of the natural landscape. He loves special challenges.<\/p>\n\t<\/div>\n<\/div>\n\n<style type=\"text\/css\">\n    #zitatblock-block_dd01d6ff0f2ee898878b24a3372b12b1 {\n        \/* Add styles that use ACF values here *\/\n    }\n<\/style>\n\n<div id=\"zitatblock-block_dd01d6ff0f2ee898878b24a3372b12b1\" class=\"block-zitatblock snappoint snappoint_clicker \">\n    <blockquote>\n        In addition to object planning, architect Andreas Gruber is also an expert in<a href=\"https:\/\/architektgruber.com\/en\/urbanism\/\">spatial planning<\/a>, implementation planning and ensemble protection.            <\/blockquote>\n<\/div>\n<style type=\"text\/css\">\n\t#textblock-block_8ef3d7df4a177702fda8e1ef6e6cf4fb {\n\t\t\/* Add styles that use ACF values here *\/\n\t}\n<\/style>\n\n<div id=\"textblock-block_8ef3d7df4a177702fda8e1ef6e6cf4fb\" class=\"block-textblock snappoint snappoint_clicker \">\n\t<div>\n\t\t\t<\/div>\n\t<div>\n\t\t<h2>Core sectors<\/h2>\n<p>In addition to object planning, architect Andreas Gruber is also an expert in spatial planning, implementation planning and ensemble protection. Andreas Gruber leitet Seminare und wirkt als Fachjuror in Architekturwettbewerben f\u00fcr Objektplanung und Siedlungsplanung mit.<\/p>\n<p>His focus in object planning includes residential buildings, hotel buildings, agricultural or commercial businesses, new buildings, conversions or renovations. For him, quality means innovative, state-of-the-art building culture that has its roots in tradition. One focus is on hotel construction.<\/p>\n\t<\/div>\n<\/div>\n<style type=\"text\/css\">\n\t#textblock-block_619f42f094ff5cb6689698f432622f9c {\n\t\t\/* Add styles that use ACF values here *\/\n\t}\n<\/style>\n\n<div id=\"textblock-block_619f42f094ff5cb6689698f432622f9c\" class=\"block-textblock snappoint snappoint_clicker \">\n\t<div>\n\t\t<h2>Architects<\/h2>\n<ul>\n<li>Andreas Gruber, Founder<\/li>\n<li style=\"font-weight: 400;\">Johannes Kummer<\/li>\n<li>Rupert Gruber<\/li>\n<li>Filip Varga<\/li>\n<li>Karin Amort<\/li>\n<li>Patrick Huber<\/li>\n<\/ul>\n<h2>Former Collaborators<\/h2>\n<ul>\n<li>Federico Minelli<\/li>\n<li style=\"font-weight: 400;\">Natalie Burkhart<\/li>\n<li style=\"font-weight: 400;\">Alessandro Masperi<\/li>\n<li style=\"font-weight: 400;\">Elisa Conti<\/li>\n<li>Michele Cappellotto<\/li>\n<li>Michael PiRusching<\/li>\n<li>Jaehune He<\/li>\n<\/ul>\n\t<\/div>\n\t<div>\n\t\t<h2>Publications<\/h2>\n<ul>\n<li><a href=\"https:\/\/www.ad-magazin.de\/artikel\/hotel-olm-suedtirol\">AD Magazin<\/a><\/li>\n<li><a href=\"https:\/\/www.baunetz-id.de\/projekte\/zirkulaeres-wellnesshotel-21509229\">Baunetz Interior|Design<\/a><\/li>\n<li>Architectural Record New York<\/li>\n<li><em>100 Traumh\u00e4user,<\/em> Callwey 2021<\/li>\n<li>Turris Babel 112 \u201eArchitekturpreis S\u00fcdtirol 2019\u201c<\/li>\n<li>Turris Babel 107 \u201eNeues Wohnen\u201c<\/li>\n<li>Baumeisterzeitschrift<\/li>\n<li>Divisare.com<\/li>\n<li>Archdaily.com<\/li>\n<li>Subtilitas<\/li>\n<li>Limitierte Ausgabe Bestarchitects<\/li>\n<li>Sonderausgabe Edition Schwaben <em>Baukultur<\/em> Zeitschrift Verband deutscher Architekten- und Ingenieurvereine<\/li>\n<li>AW Verlag<\/li>\n<li>FF Bauen<\/li>\n<li>Dolomiten Journal Bauen<\/li>\n<li>TecniceNuove Editore<\/li>\n<li>THE PLUS<\/li>\n<li>Dear Magazine<\/li>\n<\/ul>\n<h2>Awards<\/h2>\n<ul>\n<li>Big See Architecture Award 2021<\/li>\n<li>Big See Interior Design Award 2021<\/li>\n<li>Big See Architecture Award 2019<\/li>\n<li>Big See Design Award 2019<\/li>\n<li>Nominated for the South Tyrol Architecture Prize, 2019<\/li>\n<li>Best Architects Award 2018<\/li>\n<li>Nominated for <em>Houses of the Year<\/em> Callway Verlag (Munich), 2018<\/li>\n<li>Winner <em>Best Architects 2018<\/em> (European Award), 2018<\/li>\n<li>Innovation award for sustainable building, 2017<\/li>\n<li>Nominated for Giovane Talento Architetto Italiano, 2017<\/li>\n<li>Nominated for the South Tyrol Architecture Prize, 2016<\/li>\n<\/ul>\n\t<\/div>\n<\/div>\n<style type=\"text\/css\">\n\t#textblock-block_c3975451231ef328cf9faa6652ff7241 {\n\t\t\/* Add styles that use ACF values here *\/\n\t}\n<\/style>\n\n<div id=\"textblock-block_c3975451231ef328cf9faa6652ff7241\" class=\"block-textblock snappoint snappoint_clicker \">\n\t<div>\n\t\t\t<\/div>\n\t<div>\n\t\t<h2> Ideals and Principles <\/h2>\n<p>In his designs for object buildings or implementation planning, Gruber is inspired by the characteristics and history of the site and its surroundings. His buildings are anchored in the culture of the place and the country. They are borne by respect for the South Tyrolean landscape and cultural awareness. For him, architecture is identity and history. According to Gruber, the built object must express the identity, idiosyncrasy and history of the client. In this sense, he develops for each client a very individual, tailored to him, so to speak, &#8220;tailor-made&#8221; architecture. Gruber&#8217;s buildings are not mass-produced but custom-made; they are meant to be client-specific works of art or jewels.<\/p>\n\t<\/div>\n<\/div>","protected":false},"excerpt":{"rendered":"","protected":false},"author":1,"featured_media":0,"parent":0,"menu_order":0,"comment_status":"closed","ping_status":"closed","template":"","meta":{"inline_featured_image":false,"footnotes":""},"class_list":["post-898","page","type-page","status-publish","hentry"],"acf":[],"yoast_head":"<!-- This site is optimized with the Yoast SEO plugin v20.1 - https:\/\/yoast.com\/wordpress\/plugins\/seo\/ -->\n<title>Studio - Andreas Gruber Architekten<\/title>\n<meta name=\"robots\" content=\"index, follow, max-snippet:-1, max-image-preview:large, max-video-preview:-1\" \/>\n<link rel=\"canonical\" href=\"https:\/\/architektgruber.com\/en\/studio\/\" \/>\n<meta property=\"og:locale\" content=\"en_US\" \/>\n<meta property=\"og:type\" content=\"article\" \/>\n<meta property=\"og:title\" content=\"Studio - Andreas Gruber Architekten\" \/>\n<meta property=\"og:url\" content=\"https:\/\/architektgruber.com\/en\/studio\/\" \/>\n<meta property=\"og:site_name\" content=\"Andreas Gruber Architekten\" \/>\n<meta property=\"article:modified_time\" content=\"2025-07-21T07:48:36+00:00\" \/>\n<meta name=\"twitter:card\" content=\"summary_large_image\" \/>\n<script type=\"application\/ld+json\" class=\"yoast-schema-graph\">{\"@context\":\"https:\/\/schema.org\",\"@graph\":[{\"@type\":\"WebPage\",\"@id\":\"https:\/\/architektgruber.com\/en\/studio\/\",\"url\":\"https:\/\/architektgruber.com\/en\/studio\/\",\"name\":\"Studio - Andreas Gruber Architekten\",\"isPartOf\":{\"@id\":\"https:\/\/architektgruber.com\/en\/#website\"},\"datePublished\":\"2022-03-17T16:03:21+00:00\",\"dateModified\":\"2025-07-21T07:48:36+00:00\",\"breadcrumb\":{\"@id\":\"https:\/\/architektgruber.com\/en\/studio\/#breadcrumb\"},\"inLanguage\":\"en-US\",\"potentialAction\":[{\"@type\":\"ReadAction\",\"target\":[\"https:\/\/architektgruber.com\/en\/studio\/\"]}]},{\"@type\":\"BreadcrumbList\",\"@id\":\"https:\/\/architektgruber.com\/en\/studio\/#breadcrumb\",\"itemListElement\":[{\"@type\":\"ListItem\",\"position\":1,\"name\":\"Home\",\"item\":\"https:\/\/architektgruber.com\/en\/\"},{\"@type\":\"ListItem\",\"position\":2,\"name\":\"Studio\"}]},{\"@type\":\"WebSite\",\"@id\":\"https:\/\/architektgruber.com\/en\/#website\",\"url\":\"https:\/\/architektgruber.com\/en\/\",\"name\":\"Andreas Gruber Architekten\",\"description\":\"Andreas Gruber Architekten sind ein Architekturb\u00fcro in S\u00fcdtirol mit einzigartigen Bauten in Beton und D\u00e4mmbeton im alpinen Raum.\",\"potentialAction\":[{\"@type\":\"SearchAction\",\"target\":{\"@type\":\"EntryPoint\",\"urlTemplate\":\"https:\/\/architektgruber.com\/en\/?s={search_term_string}\"},\"query-input\":\"required name=search_term_string\"}],\"inLanguage\":\"en-US\"}]}<\/script>\n<!-- \/ Yoast SEO plugin. -->","yoast_head_json":{"title":"Studio - Andreas Gruber Architekten","robots":{"index":"index","follow":"follow","max-snippet":"max-snippet:-1","max-image-preview":"max-image-preview:large","max-video-preview":"max-video-preview:-1"},"canonical":"https:\/\/architektgruber.com\/en\/studio\/","og_locale":"en_US","og_type":"article","og_title":"Studio - Andreas Gruber Architekten","og_url":"https:\/\/architektgruber.com\/en\/studio\/","og_site_name":"Andreas Gruber Architekten","article_modified_time":"2025-07-21T07:48:36+00:00","twitter_card":"summary_large_image","schema":{"@context":"https:\/\/schema.org","@graph":[{"@type":"WebPage","@id":"https:\/\/architektgruber.com\/en\/studio\/","url":"https:\/\/architektgruber.com\/en\/studio\/","name":"Studio - Andreas Gruber Architekten","isPartOf":{"@id":"https:\/\/architektgruber.com\/en\/#website"},"datePublished":"2022-03-17T16:03:21+00:00","dateModified":"2025-07-21T07:48:36+00:00","breadcrumb":{"@id":"https:\/\/architektgruber.com\/en\/studio\/#breadcrumb"},"inLanguage":"en-US","potentialAction":[{"@type":"ReadAction","target":["https:\/\/architektgruber.com\/en\/studio\/"]}]},{"@type":"BreadcrumbList","@id":"https:\/\/architektgruber.com\/en\/studio\/#breadcrumb","itemListElement":[{"@type":"ListItem","position":1,"name":"Home","item":"https:\/\/architektgruber.com\/en\/"},{"@type":"ListItem","position":2,"name":"Studio"}]},{"@type":"WebSite","@id":"https:\/\/architektgruber.com\/en\/#website","url":"https:\/\/architektgruber.com\/en\/","name":"Andreas Gruber Architekten","description":"Andreas Gruber Architekten sind ein Architekturb\u00fcro in S\u00fcdtirol mit einzigartigen Bauten in Beton und D\u00e4mmbeton im alpinen Raum.","potentialAction":[{"@type":"SearchAction","target":{"@type":"EntryPoint","urlTemplate":"https:\/\/architektgruber.com\/en\/?s={search_term_string}"},"query-input":"required name=search_term_string"}],"inLanguage":"en-US"}]}},"_links":{"self":[{"href":"https:\/\/architektgruber.com\/en\/wp-json\/wp\/v2\/pages\/898","targetHints":{"allow":["GET"]}}],"collection":[{"href":"https:\/\/architektgruber.com\/en\/wp-json\/wp\/v2\/pages"}],"about":[{"href":"https:\/\/architektgruber.com\/en\/wp-json\/wp\/v2\/types\/page"}],"author":[{"embeddable":true,"href":"https:\/\/architektgruber.com\/en\/wp-json\/wp\/v2\/users\/1"}],"replies":[{"embeddable":true,"href":"https:\/\/architektgruber.com\/en\/wp-json\/wp\/v2\/comments?post=898"}],"version-history":[{"count":13,"href":"https:\/\/architektgruber.com\/en\/wp-json\/wp\/v2\/pages\/898\/revisions"}],"predecessor-version":[{"id":1852,"href":"https:\/\/architektgruber.com\/en\/wp-json\/wp\/v2\/pages\/898\/revisions\/1852"}],"wp:attachment":[{"href":"https:\/\/architektgruber.com\/en\/wp-json\/wp\/v2\/media?parent=898"}],"curies":[{"name":"wp","href":"https:\/\/api.w.org\/{rel}","templated":true}]}}